{"id":173,"date":"2014-08-09T21:11:51","date_gmt":"2014-08-09T21:11:51","guid":{"rendered":"http:\/\/uxthemes.wpengine.com\/product\/fluro-big-pullover-designers-remix\/"},"modified":"2023-03-29T08:09:19","modified_gmt":"2023-03-29T08:09:19","slug":"fluro-big-pullover-designers-remix","status":"publish","type":"product","link":"http:\/\/159.223.48.4\/?product=fluro-big-pullover-designers-remix","title":{"rendered":"M\u00e1y b\u00e1n h\u00e0ng t\u1ef1 \u0111\u1ed9ng BEVMAX MEDIA DN 5800-6"},"content":{"rendered":"<p>C\u00f4ng ngh\u1ec7 M\u1ef9 ( bo nh\u1eadn ti\u1ec1n c\u1ee7a Innovative Technology )<br \/>\nS\u1ea3n ph\u1ea9m b\u00e1n lon, chai, c\u00e1c lo\u1ea1i c\u00f3 m\u1eb7t tr\u00ean th\u1ecb tr\u01b0\u1eddng VN<br \/>\nLo\u1ea1i s\u1ea3n ph\u1ea9m b\u00e1n 180ml \u0111\u1ebfn 500ml<br \/>\nC\u00f3 \u0111\u1ebfn 5 khay ch\u1ee9a nhi\u1ec1u s\u1ea3n ph\u1ea9m\u00a0b\u00e1n h\u00e0ng trong c\u00e1c khay; A-&gt;B-&gt;C-&gt;D-&gt;E-F<br \/>\nS\u1ee9c ch\u1ee9a s\u1ea3n ph\u1ea9m t\u1eeb 400- 550 s\u1ea3n ph\u1ea9m t\u00f9y theo c\u00e1c lo\u1ea1i.<br \/>\nD\u00f9ng ngu\u1ed3n \u0111i\u1ec7n AC: 220V\/50-60Hz<br \/>\nGiao d\u1ecbch mua b\u00e1n ti\u1ec1n Vi\u1ec7t Nam lo\u1ea1i ;\u00a05.000, 10.000, 20.000, 50.000\u0111\u1ed3ng.<br \/>\nGiao h\u00e0ng sau 70 ng\u00e0y sau khi k\u00fd h\u1ee3p \u0111\u1ed3ng<\/p>\n<p><strong>M\u00e1y nh\u1eadn thanh to\u00e1n : 1.000, 2.000, 5.000, 10.000, 20.000 \u0111\u1ebfn 500.000vn\u0111 ( tr\u1ea3 l\u1ea1i ti\u1ec1n d\u01b0 lo\u1ea1i ti\u1ec1n gi\u1ea5y 10.000vn\u0111 )<\/strong><\/p>\n<p><strong>\u2013 \u0110\u00e8n<\/strong>\u2013 \u00e1nh s\u00e1ng v\u00e0 h\u1ec7 th\u1ed1ng LED<\/p>\n<p><strong>\u2013 V\u1ecf m\u00e1y + b\u1ecdt c\u00e1ch nhi\u1ec7t t\u1ed1t nh\u1ea5t hi\u1ec7n nay\u00a0<\/strong>\u0111\u1ea3m b\u1ea3o ti\u00eau chu\u1ea9n qu\u1ed1c t\u1ebf cho h\u1ec7 th\u1ed1ng l\u00e0m l\u1ea1nh, gi\u1eef l\u1ea1nh &amp; b\u1ea3o qu\u1ea3n c\u00e1c s\u1ea3n ph\u1ea9m s\u1eefa b\u00ean trong m\u00e1y.<\/p>\n<p><strong>\u2013 M\u1eb7t tr\u01b0\u1edbc \u2013<\/strong>K\u00ednh c\u01b0\u1eddng l\u1ef1c th\u1ee7y tinh trong su\u1ed1t, hi\u1ec3n th\u1ecb h\u00e0ng h\u00f3a tr\u1ef1c quan r\u1ea5t sinh \u0111\u1ed9ng &amp; th\u00e2n thi\u1ec7n d\u1ec5 s\u1eed d\u1ee5ng c\u00f3 h\u1ec7 th\u1ed1ng s\u01b0\u1edfi k\u00ednh lu\u00f4n trong su\u1ed1t kh\u00f4ng b\u1ecb l\u00e0m m\u1edd &amp; \u0111\u1ecdng s\u01b0\u01a1ng hay n\u01b0\u1edbc tr\u00ean b\u1ec1 m\u1eb7t.<\/p>\n<p><strong>\u2013 H\u00e0ng h\u00f3a linh ho\u1ea1t \u2013<\/strong>Cho ph\u00e9p t\u1ed1i \u0111a trong qu\u00e1 tr\u00ecnh t\u1ea3i b\u00e1n c\u00e1c lo\u1ea1i s\u1ea3n ph\u1ea9m c\u00f3 m\u1eb7t tr\u00ean th\u1ecb tr\u01b0\u1eddng Vi\u1ec7t Nam r\u1ea5t \u0111a d\u1ea1ng:\u00a0 \u201c c\u00e1c th\u1ec3 t\u1ea3i b\u00e1n h\u00e0ng lo\u1ea1i h\u1ed9p g\u00f3i lon chai linh ho\u1ea1t \u0111\u01b0\u1eddng k\u00ednh v\u00e0 h\u00ecnh d\u1ea1ng kh\u00e1c nhau v\u1ec1 k\u00edch th\u01b0\u1edbc\u2026\u201d.<\/p>\n<p><strong>\u2013 Nhi\u1ec7t \u0111\u1ed9 ;<\/strong>\u00a0theo nhu c\u1ea7u c\u1ee7a kh\u00e1ch h\u00e0ng, ph\u1ea1m vi nhi\u1ec7t \u0111\u1ed9 c\u00f3 th\u1ec3 c\u00e0i \u0111\u1eb7t t\u1eeb: 3 \u00b0 C\u00a0 \u0111\u1ebfn t\u00f9y \u00fd \u0111\u1ebfn \u2026 25 \u00b0 C (th\u00edch h\u1ee3p cho vi\u1ec7c \u0111\u1eb7t \u0111\u1ed3 \u0103n u\u1ed1ng &amp; s\u1eefa chua s\u1eefa h\u1ed9p c\u00e1c lo\u1ea1i).<\/p>\n<p><strong>\u2013 Linh ho\u1ea1t khay<\/strong>; Khay \u0111\u1ed3 \u0103n nh\u1eb9 linh ho\u1ea1t, m\u00e1y c\u00f3 th\u1ec3 b\u00e1n m\u00f3n \u0103n u\u1ed1ng kh\u00e1c nhau v\u1edbi chi\u1ec1u cao ~k\u00edch th\u01b0\u1edbc linh ho\u1ea1t \u0111\u1ec3 c\u0103n ch\u1ec9nh c\u00e1c khoang ng\u0103n kh\u00e1c nhau c\u00f3 th\u1ec3 \u0111\u01b0\u1ee3c thi\u1ebft l\u1eadp ph\u00f9 h\u1ee3p v\u1edbi chi\u1ec1u cao c\u1ee7a c\u00e1c m\u1eb7t h\u00e0ng, v\u00e0 s\u1ed1 l\u01b0\u1ee3ng khay c\u00f3 th\u1ec3 dao \u0111\u1ed9ng 5, 6 &amp; 7 khay\/ m\u00e1y b\u00e1n h\u00e0ng .<\/p>\n<p><strong>\u2013 An to\u00e0n<\/strong>; Vi\u1ec7c s\u1eed d\u1ee5ng k\u00ednh c\u01b0\u1eddng l\u1ef1c, t\u1ee7 v\u1ecf th\u00e9p v\u00e0 nhi\u1ec1u thi\u1ebft k\u1ebf ch\u1ed1ng tr\u1ed9m kh\u00e1c , \u0111\u1ec3 \u0111\u1ea3m b\u1ea3o s\u1ef1 an to\u00e0n c\u1ee7a h\u00e0ng h\u00f3a, ti\u1ec1n t\u1ec7 v\u00e0 thi\u1ebft b\u1ecb b\u00ean trong m\u00e1y b\u00e1n h\u00e0ng t\u1ef1 \u0111\u1ed9ng n\u00e0y.<\/p>\n<p><strong>\u2013 Thanh to\u00e1n ti\u1ec1n t\u1ec7 h\u1ec7 th\u1ed1ng<\/strong>; B\u00e1n h\u00e0ng t\u1ef1 \u0111\u1ed9ng ki\u1ec3m so\u00e1t h\u1ec7 th\u1ed1ng m\u00e1y t\u00ednh cho vi\u1ec7c \u00e1p d\u1ee5ng c\u00e1c ti\u00eau chu\u1ea9n giao di\u1ec7n MDB qu\u1ed1c t\u1ebf m\u00e0 \u0111i\u1ec1u ki\u1ec7n ti\u1ebfp c\u1eadn ph\u00f9 h\u1ee3p v\u1edbi c\u00e1c ti\u00eau chu\u1ea9n MDB v\u1edbi c\u00e1c m\u1ec7nh gi\u00e1 c\u1ee7a \u0111\u1ed3ng ti\u1ec1n gi\u1ea5y &amp; ti\u1ec1n Polymer VN\u0110 t\u1eeb 1000 \u0111\u1ebfn 500.000vn\u0111.<\/p>\n<p><strong>\u2013 H\u1ec7 th\u1ed1ng c\u1ea3m bi\u1ebfn b\u00e1n h\u00e0ng<\/strong>; \u00a0(L\u01b0u \u00fd: C\u00e1c thi\u1ebft l\u1eadp phi ti\u00eau chu\u1ea9n) Khi kh\u00e1ch h\u00e0ng mua h\u00e0ng h\u00f3a, h\u1ec7 th\u1ed1ng c\u1ea3m bi\u1ebfn hi\u1ec7n s\u1eed d\u1ee5ng c\u00f4ng ngh\u1ec7 h\u1ed3ng ngo\u1ea1i \u0111\u1ec3 ph\u00e1t hi\u1ec7n xem m\u1ed9t s\u1ea3n ph\u1ea9m \u0111\u00e3 \u0111\u01b0\u1ee3c mang xu\u1ed1ng khoang tr\u1ea3 h\u00e0ng.\u00a0N\u1ebfu kh\u00f4ng c\u00f3 l\u1ed7i, c\u00e1c m\u00e1y m\u00f3c thi\u1ebft b\u1ecb \u0111\u1ea3m b\u1ea3o ho\u00e0n tr\u1ea3 ti\u1ec1n mua ho\u1eb7c kh\u00e1ch h\u00e0ng ho\u1eb7c kh\u00e1ch h\u00e0ng c\u00f3 th\u1ec3 mua c\u00e1c m\u1eb7t h\u00e0ng kh\u00e1c ..<\/p>\n<p><strong>\u2013 C\u00f4ng su\u1ea5t ti\u00eau th\u1ee5 \u0111i\u1ec7n n\u0103ng<\/strong>\u00a0th\u1eddi gian ngh\u1ec9 ch\u1ea1y b\u00ecnh th\u01b0\u1eddng l\u00e0 60W ( t\u1eeb th\u1eddi gian ch\u1ea1y th\u00f4ng th\u01b0\u1eddng khi nhi\u1ec7t \u0111\u1ed9 l\u00e0m m\u00e1t \u0111\u00e3 \u0111\u1ee7). C\u00f4ng su\u1ea5t t\u1ed1i \u0111a khi l\u1ea7n \u0111\u1ea7u b\u1eadt m\u00e1y l\u00e0 510W.<\/p>\n<p><strong>Ghi ch\u00fa:<\/strong><br \/>\n\u2013 B\u1ea3o h\u00e0nh: M\u00e1y \u0111\u01b0\u1ee3c b\u1ea3o h\u00e0nh mi\u1ec5n ph\u00ed 18 th\u00e1ng.<br \/>\n\u2013 X\u1eed l\u00fd s\u1ef1 c\u1ed1 k\u1ef9 thu\u1eadt 24\/7 k\u1ec3 c\u1ea3 l\u1ec5 t\u1ebft.<br \/>\n\u2013 Thanh to\u00e1n; 50% ngay sau khi k\u00fd h\u1ee3p \u0111\u1ed3ng mua b\u00e1n. ( 50% c\u00f2n l\u1ea1i thanh to\u00e1n sau khi giao m\u00e1y )<br \/>\n\u2013 \u0110\u1eb7t h\u00e0ng theo y\u00eau c\u1ea7u, giao h\u00e0ng mi\u1ec5n ph\u00ed t\u1eadn n\u01a1i. ( Nh\u00e2n vi\u00ean k\u1ef9 thu\u1eadt \u0111\u1ebfn h\u01b0\u1edbng d\u1eabn s\u1eed d\u1ee5ng m\u00e1y ho\u00e0n ch\u1ec9nh t\u1ed1t nh\u1ea5t ).<br \/>\n\u2013 Gi\u00e1 b\u00e1n ch\u01b0a c\u00f3 VAT . Gi\u00e1 b\u00e1n c\u00f3 VAT + 10%,Cty C\u00f3 xu\u1ea5t h\u00f3a \u0111\u01a1n h\u1ee3p l\u1ec7<\/p>\n","protected":false},"excerpt":{"rendered":"<p><label>M\u00e3 s\u1ea3n ph\u1ea9m:<\/label>\u00a0<strong><span class=\"sku\">DN 5800-6<\/span><\/strong><\/p>\n<p>Lo\u1ea1i: M\u00e1y b\u00e1n n\u01b0\u1edbc ng\u1ecdt, b\u00e1nh k\u1eb9o<\/p>\n<p><label>T\u00ecnh tr\u1ea1ng:<\/label>\u00a0<strong>Li\u00ean h\u1ec7<\/strong><\/p>\n<p>Lo\u1ea1i h\u00ecnh thanh to\u00e1n: Ti\u1ec1n m\u1eb7t v\u00e0 V\u00ed \u0111i\u1ec7n t\u1eed<\/p>\n<p>Xu\u1ea5t x\u1ee9: M\u1ef9<\/p>\n<p>&nbsp;<\/p>\n","protected":false},"featured_media":747,"comment_status":"open","ping_status":"closed","template":"","meta":[],"product_cat":[75],"product_tag":[72,76],"_links":{"self":[{"href":"http:\/\/159.223.48.4\/index.php?rest_route=\/wp\/v2\/product\/173"}],"collection":[{"href":"http:\/\/159.223.48.4\/index.php?rest_route=\/wp\/v2\/product"}],"about":[{"href":"http:\/\/159.223.48.4\/index.php?rest_route=\/wp\/v2\/types\/product"}],"replies":[{"embeddable":true,"href":"http:\/\/159.223.48.4\/index.php?rest_route=%2Fwp%2Fv2%2Fcomments&post=173"}],"wp:featuredmedia":[{"embeddable":true,"href":"http:\/\/159.223.48.4\/index.php?rest_route=\/wp\/v2\/media\/747"}],"wp:attachment":[{"href":"http:\/\/159.223.48.4\/index.php?rest_route=%2Fwp%2Fv2%2Fmedia&parent=173"}],"wp:term":[{"taxonomy":"product_cat","embeddable":true,"href":"http:\/\/159.223.48.4\/index.php?rest_route=%2Fwp%2Fv2%2Fproduct_cat&post=173"},{"taxonomy":"product_tag","embeddable":true,"href":"http:\/\/159.223.48.4\/index.php?rest_route=%2Fwp%2Fv2%2Fproduct_tag&post=173"}],"curies":[{"name":"wp","href":"https:\/\/api.w.org\/{rel}","templated":true}]}}