{"id":172,"date":"2014-08-09T22:18:44","date_gmt":"2014-08-09T22:18:44","guid":{"rendered":"http:\/\/uxthemes.wpengine.com\/product\/all-star-canvas-hi-converse\/"},"modified":"2023-03-29T07:58:36","modified_gmt":"2023-03-29T07:58:36","slug":"all-star-canvas-hi-converse","status":"publish","type":"product","link":"http:\/\/159.223.48.4\/?product=all-star-canvas-hi-converse","title":{"rendered":"M\u00e1y b\u00e1n h\u00e0ng t\u1ef1 \u0111\u1ed9ng D720-10B"},"content":{"rendered":"","protected":false},"excerpt":{"rendered":"<p>Lo\u1ea1i: M\u00e1y b\u00e1n n\u01b0\u1edbc ng\u1ecdt, b\u00e1nh k\u1eb9o<\/p>\n<p class=\"sku_wrapper\"><label>T\u00ecnh tr\u1ea1ng:<\/label> Li\u00ean h\u1ec7<\/p>\n<p>Lo\u1ea1i h\u00ecnh thanh to\u00e1n: Ti\u1ec1n m\u1eb7t v\u00e0 V\u00ed \u0111i\u1ec7n t\u1eed<\/p>\n<p class=\"sku_wrapper\">K\u00edch th\u01b0\u1edbc : 121 \u00d7 75 \u00d7 191 cm<\/p>\n<div class=\"product_meta_additional\">Xu\u1ea5t x\u1ee9: Italy<\/div>\n","protected":false},"featured_media":746,"comment_status":"open","ping_status":"closed","template":"","meta":[],"product_cat":[75],"product_tag":[74,72,73],"_links":{"self":[{"href":"http:\/\/159.223.48.4\/index.php?rest_route=\/wp\/v2\/product\/172"}],"collection":[{"href":"http:\/\/159.223.48.4\/index.php?rest_route=\/wp\/v2\/product"}],"about":[{"href":"http:\/\/159.223.48.4\/index.php?rest_route=\/wp\/v2\/types\/product"}],"replies":[{"embeddable":true,"href":"http:\/\/159.223.48.4\/index.php?rest_route=%2Fwp%2Fv2%2Fcomments&post=172"}],"wp:featuredmedia":[{"embeddable":true,"href":"http:\/\/159.223.48.4\/index.php?rest_route=\/wp\/v2\/media\/746"}],"wp:attachment":[{"href":"http:\/\/159.223.48.4\/index.php?rest_route=%2Fwp%2Fv2%2Fmedia&parent=172"}],"wp:term":[{"taxonomy":"product_cat","embeddable":true,"href":"http:\/\/159.223.48.4\/index.php?rest_route=%2Fwp%2Fv2%2Fproduct_cat&post=172"},{"taxonomy":"product_tag","embeddable":true,"href":"http:\/\/159.223.48.4\/index.php?rest_route=%2Fwp%2Fv2%2Fproduct_tag&post=172"}],"curies":[{"name":"wp","href":"https:\/\/api.w.org\/{rel}","templated":true}]}}