{"id":644,"date":"2023-02-03T08:10:11","date_gmt":"2023-02-03T08:10:11","guid":{"rendered":"http:\/\/159.223.48.4\/?page_id=644"},"modified":"2023-02-03T12:32:39","modified_gmt":"2023-02-03T12:32:39","slug":"lien-he","status":"publish","type":"page","link":"http:\/\/159.223.48.4\/?page_id=644","title":{"rendered":"LI\u00caN H\u1ec6"},"content":{"rendered":"\t<section class=\"section\" id=\"section_660449036\">\n\t\t<div class=\"bg section-bg fill bg-fill  bg-loaded\" >\n\n\t\t\t\n\t\t\t\n\t\t\t\n\n\t\t<\/div>\n\n\t\t\n\n\t\t<div class=\"section-content relative\">\n\t\t\t\n<div class=\"row row-full-width\"  id=\"row-701008945\">\n\n\t<div id=\"col-1738745532\" class=\"col small-12 large-12\"  >\n\t\t\t\t<div class=\"col-inner\"  >\n\t\t\t\n\t\t\t\n\n  <div class=\"banner has-hover\" id=\"banner-966437776\">\n          <div class=\"banner-inner fill\">\n        <div class=\"banner-bg fill\" >\n            <div class=\"bg fill bg-fill \"><\/div>\n                        <div class=\"overlay\"><\/div>            \n                    <\/div>\n\t\t\n        <div class=\"banner-layers container\">\n            <div class=\"fill banner-link\"><\/div>            \n   <div id=\"text-box-1602130018\" class=\"text-box banner-layer x5 md-x5 lg-x5 y50 md-y50 lg-y50 res-text\">\n                                <div class=\"text-box-content text \">\n              \n              <div class=\"text-inner text-left\">\n                  \n\t<div id=\"text-2951881638\" class=\"text\">\n\t\t\n<h4>C\u00f4ng ty TNHH Th\u01b0\u01a1ng M\u1ea1i D\u1ecbch V\u1ee5 C\u00f4ng ngh\u1ec7 T\u1ef1 \u0110\u1ed9ng T\u00e2n Ti\u1ebfn Vi\u1ec7t<\/h4>\n\t\t\n<style>\n#text-2951881638 {\n  font-size: 1.15rem;\n  line-height: 2.25;\n  color: rgb(255, 255, 255);\n}\n#text-2951881638 > * {\n  color: rgb(255, 255, 255);\n}\n<\/style>\n\t<\/div>\n\t\n\t<div id=\"text-1188301264\" class=\"text\">\n\t\t\n<p><strong>\u0110\u1ecba ch\u1ec9 li\u00ean h\u1ec7:<\/strong> S\u1ed1 25 \u0111\u01b0\u1eddng D1, Khu D\u00e2n C\u01b0 S\u00e0i G\u00f2n Ch\u1ee3 L\u1edbn, Ph\u01b0\u1eddng 7, Qu\u1eadn 8, TP. H\u1ed3 Ch\u00ed Minh.<\/p>\n<p><strong>Hotline:<\/strong> 090 674 4122<\/p>\n<p><strong>Email:<\/strong> tantienviet188@gmail.com<\/p>\n\t\t\n<style>\n#text-1188301264 {\n  font-size: 1.15rem;\n  line-height: 2.25;\n  color: rgb(255, 255, 255);\n}\n#text-1188301264 > * {\n  color: rgb(255, 255, 255);\n}\n<\/style>\n\t<\/div>\n\t\n              <\/div>\n           <\/div>\n                            \n<style>\n#text-box-1602130018 {\n  width: 60%;\n}\n#text-box-1602130018 .text-box-content {\n  font-size: 100%;\n}\n@media (min-width:550px) {\n  #text-box-1602130018 {\n    width: 49%;\n  }\n}\n<\/style>\n    <\/div>\n \n        <\/div>\n      <\/div>\n\n            \n<style>\n#banner-966437776 {\n  padding-top: 500px;\n  background-color: rgb(255, 255, 255);\n}\n#banner-966437776 .bg.bg-loaded {\n  background-image: url(http:\/\/159.223.48.4\/wp-content\/uploads\/2023\/02\/banner-contact-2.png);\n}\n#banner-966437776 .overlay {\n  background-color: rgba(190, 190, 190, 0.2);\n}\n#banner-966437776 .ux-shape-divider--top svg {\n  height: 150px;\n  --divider-top-width: 100%;\n}\n#banner-966437776 .ux-shape-divider--bottom svg {\n  height: 150px;\n  --divider-width: 100%;\n}\n<\/style>\n  <\/div>\n\n\n\t\t<\/div>\n\t\t\t\t\t<\/div>\n\n\t\n<\/div>\n\t\t<\/div>\n\n\t\t\n<style>\n#section_660449036 {\n  padding-top: 30px;\n  padding-bottom: 30px;\n}\n#section_660449036 .ux-shape-divider--top svg {\n  height: 150px;\n  --divider-top-width: 100%;\n}\n#section_660449036 .ux-shape-divider--bottom svg {\n  height: 150px;\n  --divider-width: 100%;\n}\n<\/style>\n\t<\/section>\n\t\n\t<section class=\"section\" id=\"section_1873200435\">\n\t\t<div class=\"bg section-bg fill bg-fill  bg-loaded\" >\n\n\t\t\t\n\t\t\t\n\t\t\t\n\n\t\t<\/div>\n\n\t\t\n\n\t\t<div class=\"section-content relative\">\n\t\t\t\n<div class=\"row row-full-width align-center\"  id=\"row-140332697\">\n\n\t<div id=\"col-1779667365\" class=\"col medium-4 small-12 large-4\"  >\n\t\t\t\t<div class=\"col-inner\"  >\n\t\t\t\n\t\t\t\n<div class=\"container section-title-container\" ><h3 class=\"section-title section-title-center\"><b><\/b><span class=\"section-title-main\" style=\"color:rgb(245, 182, 2);\">LI\u00caN H\u1ec6<\/span><b><\/b><\/h3><\/div>\n\t\t<\/div>\n\t\t\t\t\t<\/div>\n\n\t\n<\/div>\n<div class=\"row\"  id=\"row-2052655913\">\n\n\t<div id=\"col-475091800\" class=\"col medium-6 small-12 large-6\"  >\n\t\t\t\t<div class=\"col-inner\"  >\n\t\t\t\n\t\t\t\n\n<div class=\"wpcf7 no-js\" id=\"wpcf7-f668-o1\" lang=\"en-US\" dir=\"ltr\">\n<div class=\"screen-reader-response\"><p role=\"status\" aria-live=\"polite\" aria-atomic=\"true\"><\/p> <ul><\/ul><\/div>\n<form action=\"\/index.php?rest_route=%2Fwp%2Fv2%2Fpages%2F644#wpcf7-f668-o1\" method=\"post\" class=\"wpcf7-form init\" aria-label=\"Contact form\" novalidate=\"novalidate\" data-status=\"init\">\n<div style=\"display: none;\">\n<input type=\"hidden\" name=\"_wpcf7\" value=\"668\" \/>\n<input type=\"hidden\" name=\"_wpcf7_version\" value=\"5.7.3\" \/>\n<input type=\"hidden\" name=\"_wpcf7_locale\" value=\"en_US\" \/>\n<input type=\"hidden\" name=\"_wpcf7_unit_tag\" value=\"wpcf7-f668-o1\" \/>\n<input type=\"hidden\" name=\"_wpcf7_container_post\" value=\"0\" \/>\n<input type=\"hidden\" name=\"_wpcf7_posted_data_hash\" value=\"\" \/>\n<\/div>\n<div class=\"form-flat\">\n\t<p><span class=\"wpcf7-form-control-wrap\" data-name=\"your-name\"><input size=\"40\" class=\"wpcf7-form-control wpcf7-text wpcf7-validates-as-required\" aria-required=\"true\" aria-invalid=\"false\" placeholder=\"T\u00ean *\" value=\"\" type=\"text\" name=\"your-name\" \/><\/span>\n\t<\/p>\n\t<p><span class=\"wpcf7-form-control-wrap\" data-name=\"Email\"><input size=\"40\" class=\"wpcf7-form-control wpcf7-text wpcf7-email wpcf7-validates-as-required wpcf7-validates-as-email\" aria-required=\"true\" aria-invalid=\"false\" placeholder=\"Email *\" value=\"\" type=\"email\" name=\"Email\" \/><\/span>\n\t<\/p>\n\t<p><span class=\"wpcf7-form-control-wrap\" data-name=\"tel\"><input size=\"40\" class=\"wpcf7-form-control wpcf7-text wpcf7-tel wpcf7-validates-as-required wpcf7-validates-as-tel\" aria-required=\"true\" aria-invalid=\"false\" placeholder=\"S\u1ed1 \u0111i\u1ec7n tho\u1ea1i *\" value=\"\" type=\"tel\" name=\"tel\" \/><\/span>\n\t<\/p>\n\t<p><label>H\u00ecnh th\u1ee9c h\u1ee3p t\u00e1c (required)<\/label>\n\t<\/p>\n\t<p><span class=\"wpcf7-form-control-wrap\" data-name=\"checkbox-167\"><span class=\"wpcf7-form-control wpcf7-checkbox wpcf7-validates-as-required\"><span class=\"wpcf7-list-item first\"><label><input type=\"checkbox\" name=\"checkbox-167[]\" value=\"Thu\u00ea m\u00e1y\" tabindex=\"\" \/><span class=\"wpcf7-list-item-label\">Thu\u00ea m\u00e1y<\/span><\/label><\/span><span class=\"wpcf7-list-item\"><label><input type=\"checkbox\" name=\"checkbox-167[]\" value=\"Qu\u1ea3ng c\u00e1o\" tabindex=\"\" \/><span class=\"wpcf7-list-item-label\">Qu\u1ea3ng c\u00e1o<\/span><\/label><\/span><span class=\"wpcf7-list-item\"><label><input type=\"checkbox\" name=\"checkbox-167[]\" value=\"Tri\u1ec3n khai m\u00e1y b\u00e1n h\u00e0ng t\u1ea1i \u0111\u1ecba \u0111i\u1ec3m c\u1ee7a b\u1ea1n\" tabindex=\"\" \/><span class=\"wpcf7-list-item-label\">Tri\u1ec3n khai m\u00e1y b\u00e1n h\u00e0ng t\u1ea1i \u0111\u1ecba \u0111i\u1ec3m c\u1ee7a b\u1ea1n<\/span><\/label><\/span><span class=\"wpcf7-list-item last\"><label><input type=\"checkbox\" name=\"checkbox-167[]\" value=\"Kh\u00e1c\" tabindex=\"\" \/><span class=\"wpcf7-list-item-label\">Kh\u00e1c<\/span><\/label><\/span><\/span><\/span>\n\t<\/p>\n\t<p><span class=\"wpcf7-form-control-wrap\" data-name=\"textarea-475\"><textarea cols=\"40\" rows=\"10\" class=\"wpcf7-form-control wpcf7-textarea wpcf7-validates-as-required\" aria-required=\"true\" aria-invalid=\"false\" placeholder=\"N\u1ed9i dung *\" name=\"textarea-475\"><\/textarea><\/span>\n\t<\/p>\n\t<p><input class=\"wpcf7-form-control has-spinner wpcf7-submit button\" type=\"submit\" value=\"G\u1eedi ngay\" \/>\n\t<\/p>\n<\/div><div class=\"wpcf7-response-output\" aria-hidden=\"true\"><\/div>\n<\/form>\n<\/div>\n\n\t\t<\/div>\n\t\t\t\t\t<\/div>\n\n\t\n\n\t<div id=\"col-303907158\" class=\"col medium-6 small-12 large-6\"  >\n\t\t\t\t<div class=\"col-inner\"  >\n\t\t\t\n\t\t\t\n<p><iframe src=\"https:\/\/www.google.com\/maps\/embed?pb=!1m18!1m12!1m3!1d3920.261958551901!2d106.6270557271394!3d10.714266967939038!2m3!1f0!2f0!3f0!3m2!1i1024!2i768!4f13.1!3m3!1m2!1s0x31752e07a9260aa1%3A0xdc889afe940dc3bc!2zMzA5OS8yNSBQaOG6oW0gVGjhur8gSGnhu4NuLCBQaMaw4budbmcgNywgUXXhuq1uIDgsIFRow6BuaCBwaOG7kSBI4buTIENow60gTWluaCwgVmlldG5hbQ!5e0!3m2!1sen!2s!4v1675427157336!5m2!1sen!2s\" width=\"800\" height=\"600\" style=\"border:0;\" allowfullscreen=\"\" loading=\"lazy\" referrerpolicy=\"no-referrer-when-downgrade\"><\/iframe><\/p>\n\t\t<\/div>\n\t\t\t\t\t<\/div>\n\n\t\n<\/div>\n\t\t<\/div>\n\n\t\t\n<style>\n#section_1873200435 {\n  padding-top: 30px;\n  padding-bottom: 30px;\n}\n#section_1873200435 .ux-shape-divider--top svg {\n  height: 150px;\n  --divider-top-width: 100%;\n}\n#section_1873200435 .ux-shape-divider--bottom svg {\n  height: 150px;\n  --divider-width: 100%;\n}\n<\/style>\n\t<\/section>\n\t\n","protected":false},"excerpt":{"rendered":"","protected":false},"author":1,"featured_media":0,"parent":0,"menu_order":0,"comment_status":"closed","ping_status":"closed","template":"page-blank.php","meta":[],"_links":{"self":[{"href":"http:\/\/159.223.48.4\/index.php?rest_route=\/wp\/v2\/pages\/644"}],"collection":[{"href":"http:\/\/159.223.48.4\/index.php?rest_route=\/wp\/v2\/pages"}],"about":[{"href":"http:\/\/159.223.48.4\/index.php?rest_route=\/wp\/v2\/types\/page"}],"author":[{"embeddable":true,"href":"http:\/\/159.223.48.4\/index.php?rest_route=\/wp\/v2\/users\/1"}],"replies":[{"embeddable":true,"href":"http:\/\/159.223.48.4\/index.php?rest_route=%2Fwp%2Fv2%2Fcomments&post=644"}],"version-history":[{"count":34,"href":"http:\/\/159.223.48.4\/index.php?rest_route=\/wp\/v2\/pages\/644\/revisions"}],"predecessor-version":[{"id":702,"href":"http:\/\/159.223.48.4\/index.php?rest_route=\/wp\/v2\/pages\/644\/revisions\/702"}],"wp:attachment":[{"href":"http:\/\/159.223.48.4\/index.php?rest_route=%2Fwp%2Fv2%2Fmedia&parent=644"}],"curies":[{"name":"wp","href":"https:\/\/api.w.org\/{rel}","templated":true}]}}