{"id":561,"date":"2023-02-03T06:09:37","date_gmt":"2023-02-03T06:09:37","guid":{"rendered":"http:\/\/159.223.48.4\/?page_id=561"},"modified":"2023-02-03T10:00:47","modified_gmt":"2023-02-03T10:00:47","slug":"cau-hoi-thuong-gap","status":"publish","type":"page","link":"http:\/\/159.223.48.4\/?page_id=561","title":{"rendered":"C\u00c2U H\u1eceI TH\u01af\u1edcNG G\u1eb6P"},"content":{"rendered":"\t<section class=\"section\" id=\"section_639204181\">\n\t\t<div class=\"bg section-bg fill bg-fill  bg-loaded\" >\n\n\t\t\t\n\t\t\t\n\t\t\t\n\n\t\t<\/div>\n\n\t\t\n\n\t\t<div class=\"section-content relative\">\n\t\t\t\n<div class=\"row row-large row-full-width align-center\"  id=\"row-687778976\">\n\n\t<div id=\"col-86147292\" class=\"col small-12 large-12\"  >\n\t\t\t\t<div class=\"col-inner\"  >\n\t\t\t\n\t\t\t\n\n  <div class=\"banner has-hover\" id=\"banner-478414224\">\n          <div class=\"banner-inner fill\">\n        <div class=\"banner-bg fill\" >\n            <div class=\"bg fill bg-fill \"><\/div>\n                        <div class=\"overlay\"><\/div>            \n                    <\/div>\n\t\t\n        <div class=\"banner-layers container\">\n            <div class=\"fill banner-link\"><\/div>            \n   <div id=\"text-box-225022403\" class=\"text-box banner-layer x50 md-x50 lg-x50 y50 md-y50 lg-y50 res-text\">\n                                <div class=\"text-box-content text dark\">\n              \n              <div class=\"text-inner text-center\">\n                  \n<h2 data-wow-delay=\"0.0s\" data-wow-duration=\"0.8s\">Nh\u1eefng C\u00e2u H\u1ecfi Th\u01b0\u1eddng G\u1eb7p?<\/h2>\n              <\/div>\n           <\/div>\n                            \n<style>\n#text-box-225022403 {\n  width: 60%;\n}\n#text-box-225022403 .text-box-content {\n  font-size: 100%;\n}\n<\/style>\n    <\/div>\n \n        <\/div>\n      <\/div>\n\n            \n<style>\n#banner-478414224 {\n  padding-top: 500px;\n}\n#banner-478414224 .bg.bg-loaded {\n  background-image: url(http:\/\/159.223.48.4\/wp-content\/uploads\/2023\/02\/istockphoto-1264966351-612x612-1.jpg);\n}\n#banner-478414224 .overlay {\n  background-color: rgba(0,0,0,.5);\n}\n#banner-478414224 .ux-shape-divider--top svg {\n  height: 150px;\n  --divider-top-width: 100%;\n}\n#banner-478414224 .ux-shape-divider--bottom svg {\n  height: 150px;\n  --divider-width: 100%;\n}\n<\/style>\n  <\/div>\n\n\n\t\t<\/div>\n\t\t\t\t\t<\/div>\n\n\t\n<\/div>\n\t\t<\/div>\n\n\t\t\n<style>\n#section_639204181 {\n  padding-top: 30px;\n  padding-bottom: 30px;\n}\n#section_639204181 .ux-shape-divider--top svg {\n  height: 150px;\n  --divider-top-width: 100%;\n}\n#section_639204181 .ux-shape-divider--bottom svg {\n  height: 150px;\n  --divider-width: 100%;\n}\n<\/style>\n\t<\/section>\n\t\t<section class=\"section\" id=\"section_2073719619\">\n\t\t<div class=\"bg section-bg fill bg-fill  bg-loaded\" >\n\n\t\t\t\n\t\t\t\n\t\t\t\n\n\t\t<\/div>\n\n\t\t\n\n\t\t<div class=\"section-content relative\">\n\t\t\t\n<div class=\"row\"  id=\"row-1803335832\">\n\n\t<div id=\"col-597646802\" class=\"col small-12 large-12\"  >\n\t\t\t\t<div class=\"col-inner\"  >\n\t\t\t\n\t\t\t\n<h2 style=\"color: #12c45;\">B\u1ea1n c\u00f3 th\u1eafc m\u1eafc? Vui l\u00f2ng li\u00ean h\u1ec7 qua email<\/h2>\n<p>Email: <b>tantienviet188@gmail.com<\/b><\/p>\n\t\t<\/div>\n\t\t\t\t\n<style>\n#col-597646802 > .col-inner {\n  margin: 0px 0px 2px 0px;\n}\n<\/style>\n\t<\/div>\n\n\t\n<\/div>\n\t\t<\/div>\n\n\t\t\n<style>\n#section_2073719619 {\n  padding-top: 30px;\n  padding-bottom: 30px;\n}\n#section_2073719619 .ux-shape-divider--top svg {\n  height: 150px;\n  --divider-top-width: 100%;\n}\n#section_2073719619 .ux-shape-divider--bottom svg {\n  height: 150px;\n  --divider-width: 100%;\n}\n<\/style>\n\t<\/section>\n\t\n<style>\/*! elementor - v3.10.2 - 29-01-2023 *\/\n.elementor-accordion{text-align:left}.elementor-accordion .elementor-accordion-item{border:1px solid #d4d4d4}.elementor-accordion .elementor-accordion-item+.elementor-accordion-item{border-top:none}.elementor-accordion .elementor-tab-title{margin:0;padding:15px 20px;font-weight:700;line-height:1;cursor:pointer;outline:none}.elementor-accordion .elementor-tab-title .elementor-accordion-icon{display:inline-block;width:1.5em}.elementor-accordion .elementor-tab-title .elementor-accordion-icon svg{width:1em;height:1em}.elementor-accordion .elementor-tab-title .elementor-accordion-icon.elementor-accordion-icon-right{float:right;text-align:right}.elementor-accordion .elementor-tab-title .elementor-accordion-icon.elementor-accordion-icon-left{float:left;text-align:left}.elementor-accordion .elementor-tab-title .elementor-accordion-icon .elementor-accordion-icon-closed{display:block}.elementor-accordion .elementor-tab-title .elementor-accordion-icon .elementor-accordion-icon-opened,.elementor-accordion .elementor-tab-title.elementor-active .elementor-accordion-icon-closed{display:none}.elementor-accordion .elementor-tab-title.elementor-active .elementor-accordion-icon-opened{display:block}.elementor-accordion .elementor-tab-content{display:none;padding:15px 20px;border-top:1px solid #d4d4d4}@media (max-width:767px){.elementor-accordion .elementor-tab-title{padding:12px 15px}.elementor-accordion .elementor-tab-title .elementor-accordion-icon{width:1.2em}.elementor-accordion .elementor-tab-content{padding:7px 15px}}.e-con-inner>.elementor-widget-accordion,.e-con>.elementor-widget-accordion{width:var(--container-widget-width);--flex-grow:var(--container-widget-flex-grow)}<\/style>\n<p>\t\t\t\t\t\t\t\t\t\t\t\t<a href=\"\">V\u00cc SAO B\u1ea0N N\u00caN CH\u1eccN T\u00c2N TI\u1ebeN VI\u1ec6T?<\/a><\/p>\n<p>T\u00c2N TI\u1ebeN VI\u1ec6T l\u00e0 h\u1ec7 th\u1ed1ng m\u00e1y b\u00e1n h\u00e0ng hi\u1ec7n \u0111\u1ea1i, cung c\u1ea5p cho \u0111\u1ecba \u0111i\u1ec3m c\u1ee7a b\u1ea1n d\u1ecbch v\u1ee5 ti\u1ec7n \u00edch gia t\u0103ng h\u1ea5p d\u1eabn ho\u00e0n to\u00e0n mi\u1ec5n ph\u00ed.<\/p>\n<p>H\u1ecdc sinh, nh\u00e2n vi\u00ean ho\u1eb7c c\u01b0 d\u00e2n t\u1ea1i \u0111\u1ecba \u0111i\u1ec3m c\u1ee7a b\u1ea1n s\u1ebd \u0111\u01b0\u1ee3c ph\u1ee5c v\u1ee5 nhanh ch\u00f3ng v\u00e0 24\/7 b\u1ea5t c\u1ee9 khi n\u00e0o h\u1ecd c\u00f3 nhu c\u1ea7u mua h\u00e0ng.<\/p>\n<p>B\u1ea1n c\u00f3 th\u1ec3 ph\u1ed1i h\u1ee3p v\u1edbi T\u00c2N TI\u1ebeN VI\u1ec6T t\u1eadn d\u1ee5ng h\u1ec7 th\u1ed1ng m\u00e0n h\u00ecnh LCD c\u1ee7a m\u00e1y \u0111\u1ec3 truy\u1ec1n t\u1ea3i th\u00f4ng b\u00e1o, hi\u1ec3n th\u1ecb th\u00f4ng tin \u0111\u1ecba \u0111i\u1ec3m c\u1ee7a b\u1ea1n.<\/p>\n<p>S\u1eed d\u1ee5ng m\u00e1y b\u00e1n h\u00e0ng t\u1ef1 \u0111\u1ed9ng l\u00e0 xu h\u01b0\u1edbng h\u1ee3p th\u1eddi c\u1ee7a m\u1ed9t x\u00e3 h\u1ed9i hi\u1ec7n \u0111\u1ea1i.<\/p>\n<p>\t\t\t\t\t\t\t\t\t\t\t\t<a href=\"\">M\u00c1Y B\u00c1N H\u00c0NG S\u1eec D\u1ee4NG PH\u01af\u01a0NG TH\u1ee8C THANH TO\u00c1N RA SAO?<\/a><\/p>\n<p>M\u00e1y b\u00e1n h\u00e0ng c\u1ee7a T\u00c2N TI\u1ebeN VI\u1ec6T ch\u1ea5p nh\u1eadn c\u1ea3 ti\u1ec1n gi\u1ea5y l\u1eabn polymer, \u0111\u1ea3m b\u1ea3o vi\u1ec7c thanh to\u00e1n d\u1ec5 d\u00e0ng.<\/p>\n<p>\t\t\t\t\t\t\t\t\t\t\t\t<a href=\"\">CHI PH\u00cd CHO M\u1ed8T M\u00c1Y B\u00c1N H\u00c0NG T\u1ef0 \u0110\u1ed8NG?<\/a><\/p>\n<p>T\u00c2N TI\u1ebeN VI\u1ec6T cung c\u1ea5p m\u00e1y b\u00e1n h\u00e0ng c\u00f9ng d\u1ecbch v\u1ee5 c\u00e0i \u0111\u1eb7t, v\u1eadn h\u00e0nh v\u00e0 s\u1eeda ch\u1eefa ho\u00e0n to\u00e0n mi\u1ec5n ph\u00ed.<\/p>\n<p>\t\t\t\t\t\t\t\t\t\t\t\t<a href=\"\">T\u00d4I C\u00d3 PH\u1ea2I L\u00c0M G\u00cc KHI L\u1eaeP \u0110\u1eb6T M\u00c1Y KH\u00d4NG?<\/a><\/p>\n<p>T\u00c2N TI\u1ebeN VI\u1ec6T s\u1ebd thay b\u1ea1n lo t\u1ea5t c\u1ea3 m\u1ecdi th\u1ee9 v\u00ec ch\u00fang t\u00f4i hi\u1ec3u th\u1eddi gian c\u1ee7a b\u1ea1n r\u1ea5t quan tr\u1ecdng.<\/p>\n<p>\t\t\t\t\t\t\t\t\t\t\t\t<a href=\"\">T\u00d4I MU\u1ed0N \u0110\u1eb6T M\u00c1Y B\u00c1N TH\u1ee8C \u0102N NHANH \u0110\u01af\u1ee2C KH\u00d4NG?<\/a><\/p>\n<p>Th\u1ee9c \u0103n nhanh c\u00f3 th\u1eddi h\u1ea1n s\u1eed d\u1ee5ng ng\u1eafn, v\u00ec v\u1eady m\u1ed7i m\u00e1y ch\u1ec9 ch\u1ee9a m\u1ed9t l\u01b0\u1ee3ng s\u1ea3n ph\u1ea9m v\u1eeba \u0111\u1ee7 \u0111\u1ec3 tr\u00e1nh h\u01b0 h\u1ecfng. T\u1ea1i m\u1ed7i v\u1ecb tr\u00ed \u0111\u1eb7t m\u00e1y, T\u00c2N TI\u1ebeN VI\u1ec6T s\u1ebd kh\u1ea3o s\u00e1t \u0111\u1ec3 \u0111\u1ea3m b\u1ea3o y\u00eau c\u1ea7u c\u00f3 \u00edt nh\u1ea5t 75 kh\u00e1ch h\u00e0ng ti\u1ec1m n\u0103ng s\u1ebd s\u1eed d\u1ee5ng d\u1ecbch v\u1ee5 c\u1ee7a T\u00c2N TI\u1ebeN VI\u1ec6T.<\/p>\n<p>\t\t\t\t\t\t\t\t\t\t\t\t<a href=\"\">BAO L\u00c2U TH\u00cc M\u00c1Y B\u00c1N H\u00c0NG S\u1ebc \u0110\u01af\u1ee2C N\u1ea0P TH\u00caM S\u1ea2N PH\u1ea8M?<\/a><\/p>\n<p>M\u00e1y b\u00e1n h\u00e0ng lu\u00f4n ph\u1ea3i c\u00f3 s\u1eb5n h\u00e0ng ho\u00e1 \u0111\u1ec3 n\u1ea1p th\u00eam. B\u1ea5t c\u1ee9 khi n\u00e0o m\u00e1y h\u1ebft h\u00e0ng \u0111\u1ec1u g\u00e2y thi\u1ec7t h\u1ea1i v\u1ec1 l\u1ee3i nhu\u1eadn. Nhi\u1ec1u c\u00f4ng ty cung \u1ee9ng m\u00e1y b\u00e1n h\u00e0ng t\u1ef1 \u0111\u1ed9ng n\u1ea1p s\u1ea3n ph\u1ea9m theo m\u1ed9t l\u1ecbch tr\u00ecnh chung khi\u1ebfn s\u1ea3n ph\u1ea9m ph\u1ee5c v\u1ee5 kh\u00e1ch h\u00e0ng kh\u00f4ng \u1ed5n \u0111\u1ecbnh. C\u00e1c m\u1eb7t h\u00e0ng ti\u00eau th\u1ee5 t\u1eeb m\u00e1y b\u00e1n h\u00e0ng lu\u00f4n thay \u0111\u1ed5i theo th\u1eddi gian, m\u1ea1nh nh\u1ea5t l\u00e0 v\u00e0o m\u00f9a h\u00e8. V\u00ec v\u1eady n\u1ebfu kh\u00f4ng c\u00f3 k\u1ebf ho\u1ea1ch n\u1ea1p s\u1ea3n ph\u1ea9m th\u01b0\u1eddng xuy\u00ean v\u00e0o m\u00f9a h\u00e8 th\u00ec doanh thu c\u1ee7a c\u1ea3 n\u0103m c\u00f3 th\u1ec3 b\u1ecb \u1ea3nh h\u01b0\u1edfng l\u1edbn. T\u00c2N TI\u1ebeN VI\u1ec6T c\u00f3 h\u1ec7 th\u1ed1ng qu\u1ea3n l\u00fd vi\u1ec7c n\u1ea1p th\u00eam s\u1ea3n ph\u1ea9m cho t\u1eebng m\u00e1y b\u00e1n h\u00e0ng kh\u00e1c nhau t\u1ea1i nh\u1eefng \u0111\u1ecba \u0111i\u1ec3m kh\u00e1c nhau. \u0110\u1ea3m b\u1ea3o vi\u1ec7c n\u1ea1p th\u00eam s\u1ea3n ph\u1ea9m v\u00e0o m\u00e1y c\u1ee7a b\u1ea1n \u0111\u00fang l\u00fac.<\/p>\n<p>\t\t\t\t\t\t\t\t\t\t\t\t<a href=\"\">M\u00c1Y B\u00c1N H\u00c0NG T\u1ef0 \u0110\u1ed8NG TR\u00d4NG RA SAO?<\/a><\/p>\n<p>T\u00c2N TI\u1ebeN VI\u1ec6T cung c\u1ea5p c\u00e1c d\u00f2ng m\u00e1y v\u1edbi c\u00e1c k\u00edch c\u1ee1 kh\u00e1c nhau, ph\u00f9 h\u1ee3p v\u1edbi h\u1ea7u h\u1ebft \u0111\u1ecba \u0111i\u1ec3m. T\u1ea5t c\u1ea3 \u0111\u1ec1u l\u00e0 nh\u1eefng d\u00f2ng m\u00e1y t\u1ed1t nh\u1ea5t v\u1edbi thi\u1ebft k\u1ebf hi\u1ec7n \u0111\u1ea1i.<\/p>\n<p>\t\t\t\t\t\t\t\t\t\t\t\t<a href=\"\">C\u00d3 NH\u1eeeNG K\u00cdCH C\u1ee0 M\u00c1Y B\u00c1N H\u00c0NG N\u00c0O?<\/a><\/p>\n<p>K\u00edch c\u1ee1 ph\u1ed5 bi\u1ebfn c\u1ee7a m\u00e1y th\u00f4ng th\u01b0\u1eddng l\u00e0 1.83m x 0.99m x 0.84m (Chi\u1ec1u cao x B\u1ec1 ngang x \u0110\u1ed9 s\u00e2u). Tuy nhi\u00ean, n\u1ebfu b\u1ea1n \u0111\u1eb7t m\u00e1y trong kh\u00f4ng gian nh\u1ecf, k\u00edch th\u01b0\u1edbc kh\u00f4ng gian 2.03m x 1.14m x 1.02m s\u1ebd t\u1ed1i \u01b0u cho vi\u1ec7c m\u1edf m\u00e1y \u0111\u1ec3 th\u00eam s\u1ea3n ph\u1ea9m, k\u1ebft n\u1ed1i ngu\u1ed3n \u0111i\u1ec7n sau m\u00e1y, c\u0169ng nh\u01b0 gi\u00fap m\u00e1y t\u1ea3n nhi\u1ec7t hi\u1ec7u qu\u1ea3.<\/p>\n<p>\t\t\t\t\t\t\t\t\t\t\t\t<a href=\"\">N\u00caN \u0110\u1eb6T M\u00c1Y B\u00c1N H\u00c0NG T\u1ef0 \u0110\u1ed8NG \u1ede \u0110\u00c2U?<\/a><\/p>\n<p>V\u1ecb tr\u00ed \u0111\u1eb7t m\u00e1y c\u1ee5 th\u1ec3 ph\u1ee5 thu\u1ed9c v\u00e0o y\u00eau c\u1ea7u c\u1ee7a b\u1ea1n. Tuy nhi\u00ean m\u1ee5c ti\u00eau c\u01a1 b\u1ea3n l\u00e0 \u0111\u1eb7t m\u00e1y t\u1ea1i n\u01a1i c\u00f3 nhi\u1ec1u ng\u01b0\u1eddi qua l\u1ea1i nh\u1ea5t v\u00e0 c\u00f3 kh\u00f4ng gian ph\u00f9 h\u1ee3p nh\u1ea5t. Khi b\u1ea1n li\u00ean h\u1ec7 v\u1edbi T\u00c2N TI\u1ebeN VI\u1ec6T, ch\u00fang t\u00f4i s\u1ebd c\u1eed \u0111\u1ea1i di\u1ec7n kh\u1ea3o s\u00e1t \u0111\u1ecba \u0111i\u1ec3m kinh doanh c\u1ee7a b\u1ea1n. V\u1edbi d\u1ecbch v\u1ee5 chuy\u00ean nghi\u1ec7p, ch\u00fang t\u00f4i s\u1ebd gi\u00fap b\u1ea1n x\u00e1c \u0111\u1ecbnh v\u1ecb tr\u00ed t\u1ed1t nh\u1ea5t \u0111\u1ec3 \u0111\u1eb7t m\u00e1y v\u00e0 s\u1ed1 l\u01b0\u1ee3ng m\u00e1y n\u00ean \u0111\u1eb7t.<\/p>\n<p>\t\t\t\t\t\t\t\t\t\t\t\t<a href=\"\">M\u1ea4T BAO L\u00c2U \u0110\u1ec2 L\u1eaeP \u0110\u1eb6T M\u00c1Y B\u00c1N H\u00c0NG T\u1ef0 \u0110\u1ed8NG V\u00c0 QUY TR\u00ccNH RA SAO?<\/a><\/p>\n<p>S\u1ebd c\u1ea7n kho\u1ea3ng 15 ng\u00e0y l\u00e0m vi\u1ec7c \u0111\u1ec3 l\u1eafp \u0111\u1eb7t m\u00e1y b\u00e1n h\u00e0ng c\u00f9ng v\u1edbi c\u00e1c s\u1ea3n ph\u1ea9m \u0111i k\u00e8m. Quy tr\u00ecnh c\u1ee7a T\u00c2N TI\u1ebeN VI\u1ec6T c\u1ef1c k\u1ef3 \u0111\u01a1n gi\u1ea3n v\u00e0 nhanh ch\u00f3ng.<\/p>\n<ul>\n<li><strong>B\u01b0\u1edbc 1:<\/strong><br \/><a href=\"http:\/\/159.223.48.4\/?page_id=561#fooTer\">Li\u00ean h\u1ec7\u00a0<\/a>v\u1edbi ch\u00fang t\u00f4i qua m\u1eabu \u0111\u01a1n b\u00ean d\u01b0\u1edbi<\/li>\n<li><strong>B\u01b0\u1edbc 2:<\/strong><br \/>T\u00c2N TI\u1ebeN VI\u1ec6T s\u1ebd li\u00ean l\u1ea1c v\u1edbi b\u1ea1n \u0111\u1ec3 \u0111\u1eb7t l\u1ecbch h\u1eb9n g\u1eb7p.<\/li>\n<li><strong>B\u01b0\u1edbc 3:<\/strong><br \/>\u0110\u1ea1i di\u1ec7n T\u00c2N TI\u1ebeN VI\u1ec6T s\u1ebd \u0111\u1ebfn g\u1eb7p b\u1ea1n v\u00e0 x\u00e1c \u0111\u1ecbnh v\u1ecb tr\u00ed t\u1ed1t nh\u1ea5t \u1edf khu v\u1ef1c b\u1ea1n ch\u1ecdn \u0111\u1ec3 \u0111\u1eb7t m\u00e1y, ki\u1ec3m tra ngu\u1ed3n c\u1ea5p \u0111i\u1ec7n cho m\u00e1y v\u00e0 xem x\u00e9t l\u1ef1a ch\u1ecdn s\u1ea3n ph\u1ea9m c\u00f9ng b\u1ea1n.<\/li>\n<li><strong>B\u01b0\u1edbc 4:<\/strong><br \/>M\u00e1y b\u00e1n h\u00e0ng t\u1ef1 \u0111\u1ed9ng s\u1ebd \u0111\u01b0\u1ee3c v\u1eadn chuy\u1ec3n v\u00e0 l\u1eafp \u0111\u1eb7t nhanh ch\u00f3ng sau khi k\u00fd h\u1ee3p \u0111\u1ed3ng.<\/li>\n<\/ul>\n<p>\t\t\t\t\t\t\t\t\t\t\t\t<a href=\"\">GI\u1ea2I QUY\u1ebeT V\u1ea4N \u0110\u1ec0 S\u1eecA CH\u1eeeA M\u00c1Y V\u00c0 N\u1ea0P S\u1ea2N PH\u1ea8M RA SAO?<\/a><\/p>\n<p>C\u00f3 r\u1ea5t nhi\u1ec1u v\u1ea5n \u0111\u1ec1 c\u00f3 th\u1ec3 x\u1ea3y ra trong qu\u00e1 tr\u00ecnh v\u1eadn h\u00e0nh m\u00e1y b\u00e1n h\u00e0ng t\u1ef1 \u0111\u1ed9ng. T\u00c2N TI\u1ebeN VI\u1ec6T lu\u00f4n chu\u1ea9n b\u1ecb cho nh\u1eefng tr\u01b0\u1eddng h\u1ee3p x\u1ea3y ra s\u1ef1 c\u1ed1 v\u1edbi chuy\u00ean vi\u00ean k\u1ef9 thu\u1eadt lu\u00f4n s\u1eb5n s\u00e0ng h\u1ed7 tr\u1ee3 b\u1ea1n. Ch\u00fang t\u00f4i c\u0169ng th\u1ef1c hi\u1ec7n ki\u1ec3m tra th\u01b0\u1eddng l\u1ec7 \u0111\u1ec3 \u0111\u1ea3m b\u1ea3o m\u00e1y lu\u00f4n ho\u1ea1t \u0111\u1ed9ng t\u1ed1t trong su\u1ed1t th\u1eddi gian v\u1eadn h\u00e0nh. M\u00e1y b\u1ecb s\u1ef1 c\u1ed1 ho\u1eb7c h\u01b0 h\u1ecfng c\u00f3 th\u1ec3 \u1ea3nh h\u01b0\u1edfng \u0111\u1ebfn l\u1ee3i nhu\u1eadn c\u1ee7a b\u1ea1n. \u0110\u00f3 l\u00e0 l\u00fd do t\u1ea1i sao ch\u00fang t\u00f4i lu\u00f4n ch\u00fa tr\u1ecdng \u0111\u00e0o t\u1ea1o \u0111\u1ed9i ng\u0169 k\u1ef9 thu\u1eadt x\u1eed l\u00fd nhanh, t\u1eadn t\u00e2m v\u00e0 s\u1eb5n s\u00e0ng kh\u1eafc ph\u1ee5c s\u1ef1 c\u1ed1. Vui l\u00f2ng li\u00ean h\u1ec7 v\u1edbi T\u00c2N TI\u1ebeN VI\u1ec6T n\u1ebfu b\u1ea1n c\u1ea7n b\u1ea5t k\u1ef3 h\u1ed7 tr\u1ee3 n\u00e0o v\u1edbi m\u00e1y b\u00e1n h\u00e0ng t\u1ef1 \u0111\u1ed9ng. Website T\u00c2N TI\u1ebeN VI\u1ec6T lu\u00f4n ti\u1ebfp nh\u1eadn y\u00eau c\u1ea7u 24\/7. Ngay khi li\u00ean h\u1ec7, th\u00f4ng tin v\u00e0 tr\u01b0\u1eddng h\u1ee3p c\u1ee7a b\u1ea1n s\u1ebd \u0111\u01b0\u1ee3c ghi nh\u1eadn tr\u00ean h\u1ec7 th\u1ed1ng c\u1ee7a T\u00c2N TI\u1ebeN VI\u1ec6T. Ch\u00fang t\u00f4i s\u1ebd c\u1ed1 g\u1eafng \u0111\u01b0a ra ph\u01b0\u01a1ng \u00e1n x\u1eed l\u00fd trong 2 \u2013 3 ng\u00e0y l\u00e0m vi\u1ec7c v\u00e0 c\u00f9ng b\u1ea1n theo d\u00f5i \u0111\u1ec3 \u0111\u1ea3m b\u1ea3o v\u1ea5n \u0111\u1ec1 \u0111\u00e3 \u0111\u01b0\u1ee3c x\u1eed l\u00fd.<\/p>\n<p>\t\t\t\t\t\t\t\t\t\t\t\t<a href=\"\">X\u1eec L\u00dd RA SAO KHI C\u00d3 AI \u0110\u00d3 B\u1eca M\u00c1Y NU\u1ed0T M\u1ea4T TI\u1ec0N?<\/a><\/p>\n<p>T\u00c2N TI\u1ebeN VI\u1ec6T s\u1ebd ho\u00e0n tr\u1ea3 b\u1ea5t k\u1ef3 kho\u1ea3n ti\u1ec1n n\u00e0o b\u1ecb nu\u1ed1t m\u1ea5t do m\u00e1y. Ti\u1ec1n ho\u00e0n tr\u1ea3 s\u1ebd \u0111\u01b0\u1ee3c g\u1eedi l\u1ea1i trong v\u00f2ng 48 ti\u1ebfng t\u00ednh theo th\u1eddi gian tr\u00ean ho\u00e1 \u0111\u01a1n.<\/p>\n<p>\t\t\t\t\t\t\t\t\t\t\t\t<a href=\"\">S\u1ebc RA SAO N\u1ebeU T\u00d4I MU\u1ed0N DI CHUY\u1ec2N V\u1eca TR\u00cd M\u00c1Y B\u00c1N H\u00c0NG?<\/a><\/p>\n<p>Trong m\u1ed9t s\u1ed1 tr\u01b0\u1eddng h\u1ee3p, m\u00e1y c\u1ea7n ph\u1ea3i \u0111\u01b0\u1ee3c di chuy\u1ec3n khi x\u00e2y m\u1edbi ho\u1eb7c s\u1eeda ch\u1eefa t\u1ea1i n\u01a1i \u0111\u1eb7t m\u00e1y. D\u00f9 b\u1ea5t k\u00ec tr\u01b0\u1eddng h\u1ee3p n\u00e0o, ch\u00fang t\u00f4i y\u00eau c\u1ea7u b\u1ea1n th\u00f4ng b\u00e1o vi\u1ec7c di chuy\u1ec3n m\u00e1y s\u1edbm nh\u1ea5t c\u00f3 th\u1ec3. Vui l\u00f2ng li\u00ean h\u1ec7 ch\u00fang t\u00f4i tr\u01b0\u1edbc \u00edt nh\u1ea5t 20 ng\u00e0y khi b\u1ea1n c\u1ea7n di chuy\u1ec3n m\u00e1y.<\/p>\n<p>\t\t\t\t\t\t\t\t\t\t\t\t<a href=\"\">NGU\u1ed2N CUNG C\u1ea4P \u0110I\u1ec6N CHO M\u00c1Y C\u1ea6N \u0110\u1ea0T TI\u00caU CHU\u1ea8N RA SAO?<\/a><\/p>\n<p>H\u1ea7u h\u1ebft c\u00e1c \u1ed5 c\u1eafm \u0111i\u1ec7n ba ch\u1ea5u tr\u00ean th\u1ecb tr\u01b0\u1eddng c\u00f3 th\u1ec3 d\u00f9ng v\u1edbi m\u00e1y b\u00e1n h\u00e0ng t\u1ef1 \u0111\u1ed9ng. M\u1ee9c \u0111\u1ed9 ti\u00eau th\u1ee5 \u0111i\u1ec7n c\u1ee7a m\u00e1y v\u00e0o kho\u1ea3ng 3.1 \u2013 4.4 kWh\/ ng\u00e0y khi ho\u1ea1t \u0111\u1ed9ng \u1edf m\u1ee9c l\u00e0m m\u00e1t th\u1ea5p v\u00e0 3.5 \u2013 4 kWh\/ ng\u00e0y khi c\u1ea7n l\u00e0m l\u1ea1nh nhi\u1ec1u. M\u1ee9c \u0111\u1ed9 ti\u00eau th\u1ee5 \u0111i\u1ec7n c\u00f2n ph\u1ee5 thu\u1ed9c v\u00e0o m\u00f4i tr\u01b0\u1eddng xung quanh v\u1ecb tr\u00ed \u0111\u1eb7t m\u00e1y.<\/p>\n<p>\t\t\t\t\t\t\t\t\t\t\t\t<a href=\"\">N\u00caN \u0110\u1eb6T S\u1ea2N PH\u1ea8M G\u00cc TRONG M\u00c1Y?<\/a><\/p>\n<p>Vi\u1ec7c ch\u1ecdn l\u1ef1a s\u1ea3n ph\u1ea9m th\u00edch h\u1ee3p \u0111\u1eb7t t\u1ea1i m\u00e1y b\u00e1n h\u00e0ng t\u1ef1 \u0111\u1ed9ng l\u00e0 r\u1ea5t quan tr\u1ecdng. T\u00c2N TI\u1ebeN VI\u1ec6T s\u1ebd l\u00e0m vi\u1ec7c c\u00f9ng b\u1ea1n \u0111\u1ec3 \u0111\u1ea3m b\u1ea3o c\u00f3 th\u1ec3 l\u1ef1a ch\u1ecdn s\u1ea3n ph\u1ea9m th\u00edch h\u1ee3p nh\u1ea5t t\u1ea1i \u0111\u1ecba \u0111i\u1ec3m c\u1ee7a b\u1ea1n.<\/p>\n<p>\t\t\t\t\t\t\t\t\t\t\t\t<a href=\"\">B\u1ea0N C\u00d3 C\u00c2U H\u1eceI KH\u00c1C?<\/a><\/p>\n<p>N\u1ebfu b\u1ea1n c\u1ea7n th\u00eam th\u00f4ng tin, vui l\u00f2ng\u00a0<a href=\"http:\/\/159.223.48.4\/?page_id=561#fooTer\">li\u00ean h\u1ec7\u00a0<\/a>v\u1edbi ch\u00fang t\u00f4i qua m\u1eabu \u0111\u01a1n b\u00ean d\u01b0\u1edbi, ch\u00fang t\u00f4i s\u1ebd nhanh ch\u00f3ng li\u00ean h\u1ec7 l\u1ea1i v\u1edbi b\u1ea1n.<\/p>\n","protected":false},"excerpt":{"rendered":"<p>V\u00cc SAO B\u1ea0N N\u00caN CH\u1eccN T\u00c2N TI\u1ebeN VI\u1ec6T? T\u00c2N TI\u1ebeN VI\u1ec6T l\u00e0 h\u1ec7 th\u1ed1ng m\u00e1y b\u00e1n h\u00e0ng hi\u1ec7n \u0111\u1ea1i, cung c\u1ea5p cho \u0111\u1ecba \u0111i\u1ec3m c\u1ee7a b\u1ea1n d\u1ecbch v\u1ee5 ti\u1ec7n \u00edch gia t\u0103ng h\u1ea5p d\u1eabn ho\u00e0n to\u00e0n mi\u1ec5n ph\u00ed. H\u1ecdc sinh, nh\u00e2n vi\u00ean ho\u1eb7c c\u01b0 d\u00e2n t\u1ea1i \u0111\u1ecba \u0111i\u1ec3m c\u1ee7a b\u1ea1n s\u1ebd \u0111\u01b0\u1ee3c ph\u1ee5c v\u1ee5 nhanh [&#8230;]\n","protected":false},"author":1,"featured_media":0,"parent":0,"menu_order":0,"comment_status":"closed","ping_status":"closed","template":"elementor_header_footer","meta":[],"_links":{"self":[{"href":"http:\/\/159.223.48.4\/index.php?rest_route=\/wp\/v2\/pages\/561"}],"collection":[{"href":"http:\/\/159.223.48.4\/index.php?rest_route=\/wp\/v2\/pages"}],"about":[{"href":"http:\/\/159.223.48.4\/index.php?rest_route=\/wp\/v2\/types\/page"}],"author":[{"embeddable":true,"href":"http:\/\/159.223.48.4\/index.php?rest_route=\/wp\/v2\/users\/1"}],"replies":[{"embeddable":true,"href":"http:\/\/159.223.48.4\/index.php?rest_route=%2Fwp%2Fv2%2Fcomments&post=561"}],"version-history":[{"count":66,"href":"http:\/\/159.223.48.4\/index.php?rest_route=\/wp\/v2\/pages\/561\/revisions"}],"predecessor-version":[{"id":691,"href":"http:\/\/159.223.48.4\/index.php?rest_route=\/wp\/v2\/pages\/561\/revisions\/691"}],"wp:attachment":[{"href":"http:\/\/159.223.48.4\/index.php?rest_route=%2Fwp%2Fv2%2Fmedia&parent=561"}],"curies":[{"name":"wp","href":"https:\/\/api.w.org\/{rel}","templated":true}]}}