{"id":522,"date":"2023-02-02T08:02:44","date_gmt":"2023-02-02T08:02:44","guid":{"rendered":"http:\/\/159.223.48.4\/?page_id=522"},"modified":"2023-02-02T08:17:43","modified_gmt":"2023-02-02T08:17:43","slug":"san-pham","status":"publish","type":"page","link":"http:\/\/159.223.48.4\/?page_id=522","title":{"rendered":"S\u1ea2N PH\u1ea8M"},"content":{"rendered":"            <div class=\"row\"><div class=\"large-12 col\">\n          <div style=\"background-color:#FFF;\" class=\"slider flipContainer slider-nav-circle slide box-shadow-2\"\n            data-flickity-options='{\n              \"cellAlign\": \"center\",\n              \"wrapAround\": true,\n              \"percentPosition\": true,\n              \"imagesLoaded\": true,\n              \"pageDots\": true,\n              \"contain\": true\n          }'>\n                        <div class=\"slide\" style=\"background-color:#FFF;\">  <div class=\"row row-collapse align-middle flip-slide\" style=\"width:100%\">\n        <div class=\"large-6 col flip-page-one\">\n        <div class=\"featured-product col-inner\">\n          <a href=\"http:\/\/159.223.48.4\/?product=osaka-entry-tee-superdry\">\n                <div class=\"product-image relative\">\n                   <div class=\"front-image\">\n                    <img width=\"500\" height=\"500\" src=\"http:\/\/159.223.48.4\/wp-content\/uploads\/2014\/08\/D720-10C.png\" class=\"attachment-woocommerce_single size-woocommerce_single wp-post-image\" alt=\"\" decoding=\"async\" loading=\"lazy\" srcset=\"http:\/\/159.223.48.4\/wp-content\/uploads\/2014\/08\/D720-10C.png 500w, http:\/\/159.223.48.4\/wp-content\/uploads\/2014\/08\/D720-10C-100x100.png 100w, http:\/\/159.223.48.4\/wp-content\/uploads\/2014\/08\/D720-10C-400x400.png 400w, http:\/\/159.223.48.4\/wp-content\/uploads\/2014\/08\/D720-10C-280x280.png 280w\" sizes=\"(max-width: 500px) 100vw, 500px\" \/>                  <\/div>\n                  \n<div class=\"badge-container absolute left top z-1\">\n<\/div>\n                <\/div>\n          <\/a>\n        <\/div>\n        <\/div>\n       <div class=\"large-6 col flip-page-two\">\n        <div class=\"product-info col-inner inner-padding\">\n              <h1 class=\"entry-title\"><a href=\"http:\/\/159.223.48.4\/?product=osaka-entry-tee-superdry\">M\u00e1y b\u00e1n h\u00e0ng t\u1ef1 \u0111\u1ed9ng D720-10C<\/a><\/h1>\n              <div class=\"is-divider medium\"><\/div>\n              <div class=\"price-wrapper\">\n\t<p class=\"price product-page-price \">\n  <\/p>\n<\/div>\n<div class=\"product-short-description\">\n\t<p><label>M\u00e3 s\u1ea3n ph\u1ea9m:<\/label>\u00a0<span class=\"sku\">D720-10C<\/span><\/p>\n<p>Lo\u1ea1i: M\u00e1y b\u00e1n n\u01b0\u1edbc ng\u1ecdt, b\u00e1nh k\u1eb9o<\/p>\n<p><label>T\u00ecnh tr\u1ea1ng:<\/label> Li\u1ec7n h\u1ec7<\/p>\n<p>Lo\u1ea1i h\u00ecnh thanh to\u00e1n: Ti\u1ec1n m\u1eb7t, V\u00ed \u0111i\u1ec7n t\u1eed<\/p>\n<\/div>\n<div class=\"product_meta\">\n\n\t\n\t\n\t<span class=\"posted_in\">Danh m\u1ee5c: <a href=\"http:\/\/159.223.48.4\/?product_cat=may-ban-hang-tu-dong\" rel=\"tag\">M\u00e1y b\u00e1n h\u00e0ng t\u1ef1 \u0111\u1ed9ng<\/a><\/span>\n\t<span class=\"tagged_as\">T\u1eeb kh\u00f3a: <a href=\"http:\/\/159.223.48.4\/?product_tag=banh-keo\" rel=\"tag\">B\u00e1nh k\u1eb9o<\/a>, <a href=\"http:\/\/159.223.48.4\/?product_tag=may-ban-hang\" rel=\"tag\">M\u00e1y b\u00e1n h\u00e0ng<\/a>, <a href=\"http:\/\/159.223.48.4\/?product_tag=nuoc-ngot\" rel=\"tag\">N\u01b0\u1edbc ng\u1ecdt<\/a><\/span>\n\t\n<\/div>\n              <a href=\"http:\/\/159.223.48.4\/?product=osaka-entry-tee-superdry\" class=\"button\">\u0110\u1ecdc ti\u1ebfp<\/a>\n         <\/div>\n        <\/div>\n<\/div>\n<\/div>\n                        <div class=\"slide\" style=\"background-color:#FFF;\">  <div class=\"row row-collapse align-middle flip-slide\" style=\"width:100%\">\n        <div class=\"large-6 col flip-page-one\">\n        <div class=\"featured-product col-inner\">\n          <a href=\"http:\/\/159.223.48.4\/?product=all-star-canvas-hi-converse\">\n                <div class=\"product-image relative\">\n                   <div class=\"front-image\">\n                    <img width=\"500\" height=\"500\" src=\"http:\/\/159.223.48.4\/wp-content\/uploads\/2014\/08\/D720-10B.png\" class=\"attachment-woocommerce_single size-woocommerce_single wp-post-image\" alt=\"\" decoding=\"async\" loading=\"lazy\" srcset=\"http:\/\/159.223.48.4\/wp-content\/uploads\/2014\/08\/D720-10B.png 500w, http:\/\/159.223.48.4\/wp-content\/uploads\/2014\/08\/D720-10B-100x100.png 100w, http:\/\/159.223.48.4\/wp-content\/uploads\/2014\/08\/D720-10B-400x400.png 400w, http:\/\/159.223.48.4\/wp-content\/uploads\/2014\/08\/D720-10B-280x280.png 280w\" sizes=\"(max-width: 500px) 100vw, 500px\" \/>                  <\/div>\n                  \n<div class=\"badge-container absolute left top z-1\">\n<\/div>\n                <\/div>\n          <\/a>\n        <\/div>\n        <\/div>\n       <div class=\"large-6 col flip-page-two\">\n        <div class=\"product-info col-inner inner-padding\">\n              <h1 class=\"entry-title\"><a href=\"http:\/\/159.223.48.4\/?product=all-star-canvas-hi-converse\">M\u00e1y b\u00e1n h\u00e0ng t\u1ef1 \u0111\u1ed9ng D720-10B<\/a><\/h1>\n              <div class=\"is-divider medium\"><\/div>\n              <div class=\"price-wrapper\">\n\t<p class=\"price product-page-price price-not-in-stock\">\n  <\/p>\n<\/div>\n<div class=\"product-short-description\">\n\t<p>Lo\u1ea1i: M\u00e1y b\u00e1n n\u01b0\u1edbc ng\u1ecdt, b\u00e1nh k\u1eb9o<\/p>\n<p class=\"sku_wrapper\"><label>T\u00ecnh tr\u1ea1ng:<\/label> Li\u00ean h\u1ec7<\/p>\n<p>Lo\u1ea1i h\u00ecnh thanh to\u00e1n: Ti\u1ec1n m\u1eb7t v\u00e0 V\u00ed \u0111i\u1ec7n t\u1eed<\/p>\n<p class=\"sku_wrapper\">K\u00edch th\u01b0\u1edbc : 121 \u00d7 75 \u00d7 191 cm<\/p>\n<div class=\"product_meta_additional\">Xu\u1ea5t x\u1ee9: Italy<\/div>\n<\/div>\n<div class=\"product_meta\">\n\n\t\n\t\n\t\t<span class=\"sku_wrapper\">M\u00e3: <span class=\"sku\">D720-10B<\/span><\/span>\n\n\t\n\t<span class=\"posted_in\">Danh m\u1ee5c: <a href=\"http:\/\/159.223.48.4\/?product_cat=may-ban-hang-tu-dong\" rel=\"tag\">M\u00e1y b\u00e1n h\u00e0ng t\u1ef1 \u0111\u1ed9ng<\/a><\/span>\n\t<span class=\"tagged_as\">T\u1eeb kh\u00f3a: <a href=\"http:\/\/159.223.48.4\/?product_tag=banh-keo\" rel=\"tag\">B\u00e1nh k\u1eb9o<\/a>, <a href=\"http:\/\/159.223.48.4\/?product_tag=may-ban-hang\" rel=\"tag\">M\u00e1y b\u00e1n h\u00e0ng<\/a>, <a href=\"http:\/\/159.223.48.4\/?product_tag=nuoc-ngot\" rel=\"tag\">N\u01b0\u1edbc ng\u1ecdt<\/a><\/span>\n\t\n<\/div>\n              <a href=\"http:\/\/159.223.48.4\/?product=all-star-canvas-hi-converse\" class=\"button\">\u0110\u1ecdc ti\u1ebfp<\/a>\n         <\/div>\n        <\/div>\n<\/div>\n<\/div>\n                        <div class=\"slide\" style=\"background-color:#FFF;\">  <div class=\"row row-collapse align-middle flip-slide\" style=\"width:100%\">\n        <div class=\"large-6 col flip-page-one\">\n        <div class=\"featured-product col-inner\">\n          <a href=\"http:\/\/159.223.48.4\/?product=fluro-big-pullover-designers-remix\">\n                <div class=\"product-image relative\">\n                   <div class=\"front-image\">\n                    <img width=\"500\" height=\"500\" src=\"http:\/\/159.223.48.4\/wp-content\/uploads\/2014\/08\/BEVMAX.png\" class=\"attachment-woocommerce_single size-woocommerce_single wp-post-image\" alt=\"\" decoding=\"async\" loading=\"lazy\" srcset=\"http:\/\/159.223.48.4\/wp-content\/uploads\/2014\/08\/BEVMAX.png 500w, http:\/\/159.223.48.4\/wp-content\/uploads\/2014\/08\/BEVMAX-100x100.png 100w, http:\/\/159.223.48.4\/wp-content\/uploads\/2014\/08\/BEVMAX-400x400.png 400w, http:\/\/159.223.48.4\/wp-content\/uploads\/2014\/08\/BEVMAX-280x280.png 280w\" sizes=\"(max-width: 500px) 100vw, 500px\" \/>                  <\/div>\n                  \n<div class=\"badge-container absolute left top z-1\">\n<\/div>\n                <\/div>\n          <\/a>\n        <\/div>\n        <\/div>\n       <div class=\"large-6 col flip-page-two\">\n        <div class=\"product-info col-inner inner-padding\">\n              <h1 class=\"entry-title\"><a href=\"http:\/\/159.223.48.4\/?product=fluro-big-pullover-designers-remix\">M\u00e1y b\u00e1n h\u00e0ng t\u1ef1 \u0111\u1ed9ng BEVMAX MEDIA DN 5800-6<\/a><\/h1>\n              <div class=\"is-divider medium\"><\/div>\n              <div class=\"price-wrapper\">\n\t<p class=\"price product-page-price \">\n  <\/p>\n<\/div>\n<div class=\"product-short-description\">\n\t<p><label>M\u00e3 s\u1ea3n ph\u1ea9m:<\/label>\u00a0<strong><span class=\"sku\">DN 5800-6<\/span><\/strong><\/p>\n<p>Lo\u1ea1i: M\u00e1y b\u00e1n n\u01b0\u1edbc ng\u1ecdt, b\u00e1nh k\u1eb9o<\/p>\n<p><label>T\u00ecnh tr\u1ea1ng:<\/label>\u00a0<strong>Li\u00ean h\u1ec7<\/strong><\/p>\n<p>Lo\u1ea1i h\u00ecnh thanh to\u00e1n: Ti\u1ec1n m\u1eb7t v\u00e0 V\u00ed \u0111i\u1ec7n t\u1eed<\/p>\n<p>Xu\u1ea5t x\u1ee9: M\u1ef9<\/p>\n<p>&nbsp;<\/p>\n<\/div>\n<div class=\"product_meta\">\n\n\t\n\t\n\t<span class=\"posted_in\">Danh m\u1ee5c: <a href=\"http:\/\/159.223.48.4\/?product_cat=may-ban-hang-tu-dong\" rel=\"tag\">M\u00e1y b\u00e1n h\u00e0ng t\u1ef1 \u0111\u1ed9ng<\/a><\/span>\n\t<span class=\"tagged_as\">T\u1eeb kh\u00f3a: <a href=\"http:\/\/159.223.48.4\/?product_tag=may-ban-hang\" rel=\"tag\">M\u00e1y b\u00e1n h\u00e0ng<\/a>, <a href=\"http:\/\/159.223.48.4\/?product_tag=may-ban-hang-tu-dong-my\" rel=\"tag\">M\u00e1y b\u00e1n h\u00e0ng t\u1ef1 \u0111\u1ed9ng M\u1ef9<\/a><\/span>\n\t\n<\/div>\n              <a href=\"http:\/\/159.223.48.4\/?product=fluro-big-pullover-designers-remix\" class=\"button\">\u0110\u1ecdc ti\u1ebfp<\/a>\n         <\/div>\n        <\/div>\n<\/div>\n<\/div>\n                        <div class=\"slide\" style=\"background-color:#FFF;\">  <div class=\"row row-collapse align-middle flip-slide\" style=\"width:100%\">\n        <div class=\"large-6 col flip-page-one\">\n        <div class=\"featured-product col-inner\">\n          <a href=\"http:\/\/159.223.48.4\/?product=varanise-cn-tee-hilfiger-denim\">\n                <div class=\"product-image relative\">\n                   <div class=\"front-image\">\n                    <img width=\"500\" height=\"500\" src=\"http:\/\/159.223.48.4\/wp-content\/uploads\/2014\/08\/D720-10D.png\" class=\"attachment-woocommerce_single size-woocommerce_single wp-post-image\" alt=\"\" decoding=\"async\" loading=\"lazy\" srcset=\"http:\/\/159.223.48.4\/wp-content\/uploads\/2014\/08\/D720-10D.png 500w, http:\/\/159.223.48.4\/wp-content\/uploads\/2014\/08\/D720-10D-100x100.png 100w, http:\/\/159.223.48.4\/wp-content\/uploads\/2014\/08\/D720-10D-400x400.png 400w, http:\/\/159.223.48.4\/wp-content\/uploads\/2014\/08\/D720-10D-280x280.png 280w\" sizes=\"(max-width: 500px) 100vw, 500px\" \/>                  <\/div>\n                  \n<div class=\"badge-container absolute left top z-1\">\n<div class=\"badge callout badge-circle\"><div class=\"badge-inner callout-new-bg is-small new-bubble\">New<\/div><\/div><\/div>\n                <\/div>\n          <\/a>\n        <\/div>\n        <\/div>\n       <div class=\"large-6 col flip-page-two\">\n        <div class=\"product-info col-inner inner-padding\">\n              <h1 class=\"entry-title\"><a href=\"http:\/\/159.223.48.4\/?product=varanise-cn-tee-hilfiger-denim\">M\u00e1y b\u00e1n h\u00e0ng t\u1ef1 \u0111\u1ed9ng D720-10D<\/a><\/h1>\n              <div class=\"is-divider medium\"><\/div>\n              <div class=\"price-wrapper\">\n\t<p class=\"price product-page-price \">\n  <\/p>\n<\/div>\n<div class=\"product-short-description\">\n\t<p><label>M\u00e3 s\u1ea3n ph\u1ea9m: <\/label>D720-10D<\/p>\n<p>Lo\u1ea1i: M\u00e1y b\u00e1n n\u01b0\u1edbc ng\u1ecdt, b\u00e1nh k\u1eb9o<\/p>\n<p><label>T\u00ecnh tr\u1ea1ng:<\/label>\u00a0<strong>Li\u00ean h\u1ec7<\/strong><\/p>\n<p>Lo\u1ea1i h\u00ecnh thanh to\u00e1n: Ti\u1ec1n m\u1eb7t v\u00e0 V\u00ed \u0111i\u1ec7n t\u1eed<\/p>\n<\/div>\n<div class=\"product_meta\">\n\n\t\n\t\n\t<span class=\"posted_in\">Danh m\u1ee5c: <a href=\"http:\/\/159.223.48.4\/?product_cat=may-ban-hang-tu-dong\" rel=\"tag\">M\u00e1y b\u00e1n h\u00e0ng t\u1ef1 \u0111\u1ed9ng<\/a><\/span>\n\t<span class=\"tagged_as\">T\u1eeb kh\u00f3a: <a href=\"http:\/\/159.223.48.4\/?product_tag=banh-keo\" rel=\"tag\">B\u00e1nh k\u1eb9o<\/a>, <a href=\"http:\/\/159.223.48.4\/?product_tag=may-ban-hang\" rel=\"tag\">M\u00e1y b\u00e1n h\u00e0ng<\/a>, <a href=\"http:\/\/159.223.48.4\/?product_tag=nuoc-ngot\" rel=\"tag\">N\u01b0\u1edbc ng\u1ecdt<\/a><\/span>\n\t\n<\/div>\n              <a href=\"http:\/\/159.223.48.4\/?product=varanise-cn-tee-hilfiger-denim\" class=\"button\">\u0110\u1ecdc ti\u1ebfp<\/a>\n         <\/div>\n        <\/div>\n<\/div>\n<\/div>\n                    <\/div>\n          <\/div><\/div>\n          \n","protected":false},"excerpt":{"rendered":"","protected":false},"author":1,"featured_media":0,"parent":0,"menu_order":0,"comment_status":"closed","ping_status":"closed","template":"page-blank.php","meta":[],"_links":{"self":[{"href":"http:\/\/159.223.48.4\/index.php?rest_route=\/wp\/v2\/pages\/522"}],"collection":[{"href":"http:\/\/159.223.48.4\/index.php?rest_route=\/wp\/v2\/pages"}],"about":[{"href":"http:\/\/159.223.48.4\/index.php?rest_route=\/wp\/v2\/types\/page"}],"author":[{"embeddable":true,"href":"http:\/\/159.223.48.4\/index.php?rest_route=\/wp\/v2\/users\/1"}],"replies":[{"embeddable":true,"href":"http:\/\/159.223.48.4\/index.php?rest_route=%2Fwp%2Fv2%2Fcomments&post=522"}],"version-history":[{"count":2,"href":"http:\/\/159.223.48.4\/index.php?rest_route=\/wp\/v2\/pages\/522\/revisions"}],"predecessor-version":[{"id":529,"href":"http:\/\/159.223.48.4\/index.php?rest_route=\/wp\/v2\/pages\/522\/revisions\/529"}],"wp:attachment":[{"href":"http:\/\/159.223.48.4\/index.php?rest_route=%2Fwp%2Fv2%2Fmedia&parent=522"}],"curies":[{"name":"wp","href":"https:\/\/api.w.org\/{rel}","templated":true}]}}