{"id":498,"date":"2023-02-02T07:21:10","date_gmt":"2023-02-02T07:21:10","guid":{"rendered":"http:\/\/159.223.48.4\/?page_id=498"},"modified":"2023-03-30T08:47:31","modified_gmt":"2023-03-30T08:47:31","slug":"gioi-thieu","status":"publish","type":"page","link":"http:\/\/159.223.48.4\/?page_id=498","title":{"rendered":"GI\u1edaI THI\u1ec6U"},"content":{"rendered":"\t<section class=\"section\" id=\"section_187737914\">\n\t\t<div class=\"bg section-bg fill bg-fill  \" >\n\n\t\t\t\n\t\t\t\n\t\t\t\n\n\t\t<\/div>\n\n\t\t\n\n\t\t<div class=\"section-content relative\">\n\t\t\t\n<div class=\"row row-full-width align-center\"  id=\"row-1601636356\">\n\n\t<div id=\"col-354404533\" class=\"col medium-4 small-12 large-4\"  >\n\t\t\t\t<div class=\"col-inner\"  >\n\t\t\t\n\t\t\t\n\t<div id=\"text-2966589379\" class=\"text\">\n\t\t\n<h1 class=\"wow fadeInDown\" data-wow-delay=\"0.0s\" data-wow-duration=\"0.8s\" style=\"visibility: visible; animation-duration: 0.8s; animation-delay: 0s; animation-name: fadeInDown;\">T\u00e2n Ti\u1ebfn Vi\u1ec7t<\/h1>\n\t\t\n<style>\n#text-2966589379 {\n  font-size: 2.15rem;\n  text-align: center;\n  color: rgb(255, 255, 255);\n}\n#text-2966589379 > * {\n  color: rgb(255, 255, 255);\n}\n<\/style>\n\t<\/div>\n\t\n\t<div id=\"text-2898881530\" class=\"text\">\n\t\t\n<p class=\"wow fadeInUp\" style=\"visibility: visible; animation-duration: 0.8s; animation-delay: 0s; animation-name: fadeInUp;\" data-wow-delay=\"0.0s\" data-wow-duration=\"0.8s\"><strong>Tr\u00ean 17 n\u0103m ti\u00ean phong ph\u00e2n ph\u1ed1i cung c\u1ea5p c\u00e1c lo\u1ea1i m\u00e1y b\u00e1n h\u00e0ng t\u1ef1 \u0111\u1ed9ng ti\u00ean ti\u1ebfn nh\u1ea5t tr\u00ean th\u1ebf gi\u1edbi t\u1ea1i Ch\u00e2u \u00c1 Th\u00e1i B\u00ecnh D\u01b0\u01a1ng.<\/strong><\/p>\n<p style=\"text-align: center;\" data-wow-delay=\"0.0s\" data-wow-duration=\"0.8s\"><strong>\u0110\u1ed9i ng\u0169 chuy\u00ean nghi\u1ec7p, h\u1ed7 tr\u1ee3 tr\u1ef1c tuy\u1ebfn 24\/24h nh\u1eb1m mang \u0111\u1ebfn cho kh\u00e1ch h\u00e0ng nh\u1eefng s\u1ea3n ph\u1ea9m v\u1edbi ch\u1ea5t l\u01b0\u1ee3ng cao nh\u1ea5t trong th\u1eddi gian nhanh nh\u1ea5t.<\/strong><\/p>\n\t\t\n<style>\n#text-2898881530 {\n  font-size: 1.15rem;\n  text-align: center;\n  color: rgb(255, 255, 255);\n}\n#text-2898881530 > * {\n  color: rgb(255, 255, 255);\n}\n<\/style>\n\t<\/div>\n\t\n\t\t<\/div>\n\t\t\t\t\t<\/div>\n\n\t\n<\/div>\n\t\t<\/div>\n\n\t\t\n<style>\n#section_187737914 {\n  padding-top: 30px;\n  padding-bottom: 30px;\n}\n#section_187737914 .section-bg.bg-loaded {\n  background-image: url(http:\/\/159.223.48.4\/wp-content\/uploads\/2023\/03\/bg1-2.png);\n}\n#section_187737914 .ux-shape-divider--top svg {\n  height: 150px;\n  --divider-top-width: 100%;\n}\n#section_187737914 .ux-shape-divider--bottom svg {\n  height: 150px;\n  --divider-width: 100%;\n}\n<\/style>\n\t<\/section>\n\t\n\t<section class=\"section\" id=\"section_530122169\">\n\t\t<div class=\"bg section-bg fill bg-fill  bg-loaded\" >\n\n\t\t\t\n\t\t\t\n\t\t\t\n\n\t\t<\/div>\n\n\t\t\n\n\t\t<div class=\"section-content relative\">\n\t\t\t\n<div class=\"row row-full-width align-center\"  id=\"row-904731817\">\n\n\t<div id=\"col-1628710218\" class=\"col medium-3 small-12 large-3\"  >\n\t\t\t\t<div class=\"col-inner\"  >\n\t\t\t\n\t\t\t\n\t<div id=\"text-1202284430\" class=\"text\">\n\t\t\n<h2 class=\"wow fadeInUp\" style=\"visibility: visible; animation-duration: 0.8s; animation-delay: 0.5s; animation-name: fadeInUp;\" data-wow-delay=\"0.5s\" data-wow-duration=\"0.8s\" data-animate=\"fadeIn\">S\u1ee9 m\u1ec7nh c\u1ee7a ch\u00fang t\u00f4i<\/h2>\n\t\t\n<style>\n#text-1202284430 {\n  text-align: center;\n  color: rgb(18, 44, 68);\n}\n#text-1202284430 > * {\n  color: rgb(18, 44, 68);\n}\n<\/style>\n\t<\/div>\n\t\n\t<div id=\"text-84496713\" class=\"text\">\n\t\t\n<ul>\n<li class=\"wow fadeInUp\" style=\"visibility: visible; animation-duration: 0.8s; animation-delay: 0.5s; animation-name: fadeInUp; text-align: center;\" data-wow-delay=\"0.5s\" data-wow-duration=\"0.8s\">\n<p class=\"lead thin-font\">Tr\u1edf th\u00e0nh doanh nghi\u1ec7p v\u1eadn h\u00e0nh h\u1ec7 th\u1ed1ng m\u00e1y b\u00e1n h\u00e0ng t\u1ef1 \u0111\u1ed9ng t\u1ed1t nh\u1ea5t \u0110\u00f4ng Nam \u00c1 lu\u00f4n l\u00e0 m\u1ee5c ti\u00eau c\u1ee7a ch\u00fang t\u00f4i t\u1eeb nh\u1eefng ng\u00e0y \u0111\u1ea7u th\u00e0nh l\u1eadp.<\/p>\n<\/li>\n<li style=\"text-align: center;\">\n<p class=\"lead thin-font\">B\u00ean c\u1ea1nh \u0111\u00f3, ch\u00fang t\u00f4i mong mu\u1ed1n bi\u1ebfn nh\u1eefng ph\u00fat gi\u00e2y b\u00ecnh th\u01b0\u1eddng th\u00e0nh nh\u1eefng tr\u1ea3i nghi\u1ec7m th\u1eadt s\u1ef1 th\u00fa v\u1ecb khi kh\u00e1ch h\u00e0ng s\u1eed d\u1ee5ng d\u1ecbch v\u1ee5 t\u1ea1i m\u00e1y b\u00e1n h\u00e0ng t\u1ef1 \u0111\u1ed9ng.<\/p>\n<\/li>\n<\/ul>\n\t\t\n<style>\n#text-84496713 {\n  line-height: 2.05;\n  text-align: center;\n  color: rgb(18, 44, 68);\n}\n#text-84496713 > * {\n  color: rgb(18, 44, 68);\n}\n<\/style>\n\t<\/div>\n\t\n\t\t<\/div>\n\t\t\t\t\t<\/div>\n\n\t\n<\/div>\n\t\t<\/div>\n\n\t\t\n<style>\n#section_530122169 {\n  padding-top: 30px;\n  padding-bottom: 30px;\n  background-color: rgb(255,255,255);\n}\n#section_530122169 .ux-shape-divider--top svg {\n  height: 150px;\n  --divider-top-width: 100%;\n}\n#section_530122169 .ux-shape-divider--bottom svg {\n  height: 150px;\n  --divider-width: 100%;\n}\n<\/style>\n\t<\/section>\n\t\n","protected":false},"excerpt":{"rendered":"","protected":false},"author":1,"featured_media":0,"parent":0,"menu_order":0,"comment_status":"closed","ping_status":"closed","template":"page-blank.php","meta":[],"_links":{"self":[{"href":"http:\/\/159.223.48.4\/index.php?rest_route=\/wp\/v2\/pages\/498"}],"collection":[{"href":"http:\/\/159.223.48.4\/index.php?rest_route=\/wp\/v2\/pages"}],"about":[{"href":"http:\/\/159.223.48.4\/index.php?rest_route=\/wp\/v2\/types\/page"}],"author":[{"embeddable":true,"href":"http:\/\/159.223.48.4\/index.php?rest_route=\/wp\/v2\/users\/1"}],"replies":[{"embeddable":true,"href":"http:\/\/159.223.48.4\/index.php?rest_route=%2Fwp%2Fv2%2Fcomments&post=498"}],"version-history":[{"count":10,"href":"http:\/\/159.223.48.4\/index.php?rest_route=\/wp\/v2\/pages\/498\/revisions"}],"predecessor-version":[{"id":773,"href":"http:\/\/159.223.48.4\/index.php?rest_route=\/wp\/v2\/pages\/498\/revisions\/773"}],"wp:attachment":[{"href":"http:\/\/159.223.48.4\/index.php?rest_route=%2Fwp%2Fv2%2Fmedia&parent=498"}],"curies":[{"name":"wp","href":"https:\/\/api.w.org\/{rel}","templated":true}]}}